{"id":1400,"date":"2025-12-29T01:12:10","date_gmt":"2025-12-29T01:12:10","guid":{"rendered":"https:\/\/carimeg.net\/?page_id=1400"},"modified":"2026-01-02T15:25:53","modified_gmt":"2026-01-02T15:25:53","slug":"informacion","status":"publish","type":"page","link":"https:\/\/carimeg.net\/en\/informacion\/","title":{"rendered":"Informaci\u00f3n"},"content":{"rendered":"<div data-elementor-type=\"wp-page\" data-elementor-id=\"1400\" class=\"elementor elementor-1400\">\n\t\t\t\t<div class=\"elementor-element elementor-element-6667f87 e-flex e-con-boxed e-con e-parent\" data-id=\"6667f87\" data-element_type=\"container\" data-settings=\"{&quot;background_background&quot;:&quot;classic&quot;}\">\n\t\t\t\t\t<div class=\"e-con-inner\">\n\t\t<div class=\"elementor-element elementor-element-375ac8f e-con-full e-flex e-con e-child\" data-id=\"375ac8f\" data-element_type=\"container\">\n\t\t\t\t<div class=\"elementor-element elementor-element-101b7c8 elementor-widget elementor-widget-heading\" data-id=\"101b7c8\" data-element_type=\"widget\" data-widget_type=\"heading.default\">\n\t\t\t\t<div class=\"elementor-widget-container\">\n\t\t\t\t\t<h1 class=\"elementor-heading-title elementor-size-default\">About Us<\/h1>\t\t\t\t<\/div>\n\t\t\t\t<\/div>\n\t\t\t\t<\/div>\n\t\t\t\t\t<\/div>\n\t\t\t\t<\/div>\n\t\t<div class=\"elementor-element elementor-element-6c3b9ed e-flex e-con-boxed e-con e-parent\" data-id=\"6c3b9ed\" data-element_type=\"container\">\n\t\t\t\t\t<div class=\"e-con-inner\">\n\t\t\t\t<div class=\"elementor-element elementor-element-228a2a9 elementor-widget elementor-widget-heading\" data-id=\"228a2a9\" data-element_type=\"widget\" data-widget_type=\"heading.default\">\n\t\t\t\t<div class=\"elementor-widget-container\">\n\t\t\t\t\t<h1 class=\"elementor-heading-title elementor-size-default\">Our History \n\n<\/h1>\t\t\t\t<\/div>\n\t\t\t\t<\/div>\n\t\t\t\t\t<\/div>\n\t\t\t\t<\/div>\n\t\t<div class=\"elementor-element elementor-element-b4d85cb e-flex e-con-boxed e-con e-parent\" data-id=\"b4d85cb\" data-element_type=\"container\">\n\t\t\t\t\t<div class=\"e-con-inner\">\n\t\t\t\t<div class=\"elementor-element elementor-element-d6a1644 elementor-widget elementor-widget-text-editor\" data-id=\"d6a1644\" data-element_type=\"widget\" data-widget_type=\"text-editor.default\">\n\t\t\t\t<div class=\"elementor-widget-container\">\n\t\t\t\t\t\t\t\t\t<p>Founded in 2016, our organization is part of a group specialized in health services management. We are dedicated to perform claims and billing for multiple health centers in the Dominican Republic, in addition to providing direct assistance. Our vision is focused on excellence and efficiency in the management of these services.<\/p>\t\t\t\t\t\t\t\t<\/div>\n\t\t\t\t<\/div>\n\t\t\t\t\t<\/div>\n\t\t\t\t<\/div>\n\t\t<div class=\"elementor-element elementor-element-9d6d935 e-flex e-con-boxed e-con e-parent\" data-id=\"9d6d935\" data-element_type=\"container\">\n\t\t\t\t\t<div class=\"e-con-inner\">\n\t\t\t\t<div class=\"elementor-element elementor-element-0d1609d elementor-widget elementor-widget-heading\" data-id=\"0d1609d\" data-element_type=\"widget\" data-widget_type=\"heading.default\">\n\t\t\t\t<div class=\"elementor-widget-container\">\n\t\t\t\t\t<h2 class=\"elementor-heading-title elementor-size-default\">Who are we?\n<\/h2>\t\t\t\t<\/div>\n\t\t\t\t<\/div>\n\t\t\t\t\t<\/div>\n\t\t\t\t<\/div>\n\t\t<div class=\"elementor-element elementor-element-8529ae3 e-flex e-con-boxed e-con e-parent\" data-id=\"8529ae3\" data-element_type=\"container\">\n\t\t\t\t\t<div class=\"e-con-inner\">\n\t\t\t\t<div class=\"elementor-element elementor-element-88cb992 elementor-widget elementor-widget-text-editor\" data-id=\"88cb992\" data-element_type=\"widget\" data-widget_type=\"text-editor.default\">\n\t\t\t\t<div class=\"elementor-widget-container\">\n\t\t\t\t\t\t\t\t\t<p class=\"p1\">CARIMEG is a medical services company established in 2016 in the Dominican Republic, born as an extension of\u00a0<b>Caribbean Medical Billing Group<\/b>. Since its beginnings, CARIMEG has operated with a solid and wide network of\u00a0<b>medical centers, diagnostic centers, home physicians and specialists<\/b>, by offering reliable, efficient and patient-centered healthcare solutions. .<\/p><p class=\"p1\">Our mission is deeply committed to the\u00a0<b>patient wellness<\/b>, based on the principles of\u00a0<b>integrity, transparency and strong relationships with our customers and strategic partners.<\/b>. These values are the driving force behind each of our services and processes.<\/p><p>\u00a0<\/p><p class=\"p1\"><b>What we do<\/b><\/p><p>\u00a0<\/p><p class=\"p1\">At CARIMEG we provide\u00a0<b>comprehensive coordination of medical services 24 hours a day, 7 days a week<\/b>, ensuring timely and quality care at any time. Our services include:<\/p><p>\u00a0<\/p><ol class=\"ol1\"><li class=\"li1\">24\/7 medical coordination<\/li><li class=\"li1\">Medical home visits throughout the island, including pediatrics.<\/li><li class=\"li1\">Access to medical centers from primary care to advanced treatments<\/li><li class=\"li1\">Telemedicine services<\/li><li class=\"li1\">Specialized diagnostic centers<\/li><\/ol><p data-start=\"0\" data-end=\"370\">Our care model is strategically designed to provide fast, reliable and efficient responses to both local and international patients. Through well-structured processes and a solid medical network, we ensure timely coordination that prioritizes safety, quality of service and the satisfaction of our clients and patients.<\/p><p data-start=\"372\" data-end=\"904\">One of the fundamental pillars of CARIMEG is cost containment without compromising the quality of care. To achieve this, we establish direct contractual agreements with medical providers, which allows us to offer competitive, clear and transparent rates. Likewise, we continuously supervise medical services in order to prevent unnecessary expenses, detect possible irregularities and avoid cost inflation, always ensuring ethical, efficient and highly professional care.<\/p><p data-start=\"906\" data-end=\"1432\" data-is-last-node=\"\" data-is-only-node=\"\">Likewise, CARIMEG has a local presence nationwide, including ports and the main tourist areas of the country, which allows us to respond quickly and effectively to the needs of the tourism, insurance and corporate sectors. Our operational structure offers the necessary flexibility to establish customized contractual agreements or specific agreements, adapted to the specific requirements of each client, guaranteeing reliability, continuity and excellence in the management of each case.<\/p>\t\t\t\t\t\t\t\t<\/div>\n\t\t\t\t<\/div>\n\t\t\t\t\t<\/div>\n\t\t\t\t<\/div>\n\t\t<div class=\"elementor-element elementor-element-ebdd42c e-flex e-con-boxed e-con e-parent\" data-id=\"ebdd42c\" data-element_type=\"container\">\n\t\t\t\t\t<div class=\"e-con-inner\">\n\t\t<div class=\"elementor-element elementor-element-565a394 e-con-full e-flex e-con e-child\" data-id=\"565a394\" data-element_type=\"container\">\n\t\t\t\t<div class=\"elementor-element elementor-element-34e19f9 elementor-widget elementor-widget-image\" data-id=\"34e19f9\" data-element_type=\"widget\" data-settings=\"{&quot;_animation&quot;:&quot;none&quot;}\" data-widget_type=\"image.default\">\n\t\t\t\t<div class=\"elementor-widget-container\">\n\t\t\t\t\t\t\t\t\t\t\t\t\t\t\t<img fetchpriority=\"high\" decoding=\"async\" width=\"1024\" height=\"628\" src=\"https:\/\/carimeg.net\/wp-content\/uploads\/2026\/01\/Zona-de-Operacion-1024x628.jpg\" class=\"attachment-large size-large wp-image-1553\" alt=\"\" srcset=\"https:\/\/carimeg.net\/wp-content\/uploads\/2026\/01\/Zona-de-Operacion-1024x628.jpg 1024w, https:\/\/carimeg.net\/wp-content\/uploads\/2026\/01\/Zona-de-Operacion-300x184.jpg 300w, https:\/\/carimeg.net\/wp-content\/uploads\/2026\/01\/Zona-de-Operacion-768x471.jpg 768w, https:\/\/carimeg.net\/wp-content\/uploads\/2026\/01\/Zona-de-Operacion.jpg 1200w\" sizes=\"(max-width: 1024px) 100vw, 1024px\" \/>\t\t\t\t\t\t\t\t\t\t\t\t\t\t\t<\/div>\n\t\t\t\t<\/div>\n\t\t\t\t<\/div>\n\t\t<div class=\"elementor-element elementor-element-dddd20c e-con-full e-flex e-con e-child\" data-id=\"dddd20c\" data-element_type=\"container\">\n\t\t\t\t<div class=\"elementor-element elementor-element-3b5758b elementor-widget elementor-widget-text-editor\" data-id=\"3b5758b\" data-element_type=\"widget\" data-widget_type=\"text-editor.default\">\n\t\t\t\t<div class=\"elementor-widget-container\">\n\t\t\t\t\t\t\t\t\t<p class=\"p1\">Our case management and quality assurance is led by a team with extensive experience in the international medical industry, focused on:<\/p><p>\u00a0<\/p><ul class=\"ul1\"><li class=\"li1\">Fulfillment of agreed services<\/li><li class=\"li1\">Patient-centered care<\/li><li class=\"li1\">Excellence in customer service<\/li><li class=\"li1\">Timely and efficient coordination<\/li><li class=\"li1\">Secure contractual relationships with suppliers<\/li><\/ul><p class=\"p1\">This comprehensive approach allows us to achieve high levels of\u00a0<b>customer and patient satisfaction<\/b>, maintaining international quality standards in every service we offer.<\/p>\t\t\t\t\t\t\t\t<\/div>\n\t\t\t\t<\/div>\n\t\t\t\t<\/div>\n\t\t\t\t\t<\/div>\n\t\t\t\t<\/div>\n\t\t\t\t<\/div>","protected":false},"excerpt":{"rendered":"<p>Sobre Nosotros Nuestra Historia Fundada en 2016, nuestra organizaci\u00f3n forma parte de un grupo especializado en la gesti\u00f3n de servicios de salud. Nos dedicamos a realizar reclamaciones y facturaci\u00f3n para m\u00faltiples centros de salud en la Rep\u00fablica Dominicana, adem\u00e1s de brindar asistencia directa. Nuestra visi\u00f3n se centra en la excelencia y la eficiencia en la [&hellip;]<\/p>","protected":false},"author":1,"featured_media":0,"parent":0,"menu_order":0,"comment_status":"closed","ping_status":"closed","template":"elementor_header_footer","meta":{"site-sidebar-layout":"no-sidebar","site-content-layout":"page-builder","ast-site-content-layout":"full-width-container","site-content-style":"default","site-sidebar-style":"default","ast-global-header-display":"","ast-banner-title-visibility":"","ast-main-header-display":"","ast-hfb-above-header-display":"","ast-hfb-below-header-display":"","ast-hfb-mobile-header-display":"","site-post-title":"","ast-breadcrumbs-content":"","ast-featured-img":"disabled","footer-sml-layout":"","ast-disable-related-posts":"","theme-transparent-header-meta":"","adv-header-id-meta":"","stick-header-meta":"","header-above-stick-meta":"","header-main-stick-meta":"","header-below-stick-meta":"","astra-migrate-meta-layouts":"set","ast-page-background-enabled":"default","ast-page-background-meta":{"desktop":{"background-color":"","background-image":"","background-repeat":"repeat","background-position":"center center","background-size":"auto","background-attachment":"scroll","background-type":"","background-media":"","overlay-type":"","overlay-color":"","overlay-opacity":"","overlay-gradient":""},"tablet":{"background-color":"","background-image":"","background-repeat":"repeat","background-position":"center center","background-size":"auto","background-attachment":"scroll","background-type":"","background-media":"","overlay-type":"","overlay-color":"","overlay-opacity":"","overlay-gradient":""},"mobile":{"background-color":"","background-image":"","background-repeat":"repeat","background-position":"center center","background-size":"auto","background-attachment":"scroll","background-type":"","background-media":"","overlay-type":"","overlay-color":"","overlay-opacity":"","overlay-gradient":""}},"ast-content-background-meta":{"desktop":{"background-color":"var(--ast-global-color-5)","background-image":"","background-repeat":"repeat","background-position":"center center","background-size":"auto","background-attachment":"scroll","background-type":"","background-media":"","overlay-type":"","overlay-color":"","overlay-opacity":"","overlay-gradient":""},"tablet":{"background-color":"var(--ast-global-color-5)","background-image":"","background-repeat":"repeat","background-position":"center center","background-size":"auto","background-attachment":"scroll","background-type":"","background-media":"","overlay-type":"","overlay-color":"","overlay-opacity":"","overlay-gradient":""},"mobile":{"background-color":"var(--ast-global-color-5)","background-image":"","background-repeat":"repeat","background-position":"center center","background-size":"auto","background-attachment":"scroll","background-type":"","background-media":"","overlay-type":"","overlay-color":"","overlay-opacity":"","overlay-gradient":""}},"footnotes":""},"class_list":["post-1400","page","type-page","status-publish","hentry"],"aioseo_notices":[],"_links":{"self":[{"href":"https:\/\/carimeg.net\/en\/wp-json\/wp\/v2\/pages\/1400","targetHints":{"allow":["GET"]}}],"collection":[{"href":"https:\/\/carimeg.net\/en\/wp-json\/wp\/v2\/pages"}],"about":[{"href":"https:\/\/carimeg.net\/en\/wp-json\/wp\/v2\/types\/page"}],"author":[{"embeddable":true,"href":"https:\/\/carimeg.net\/en\/wp-json\/wp\/v2\/users\/1"}],"replies":[{"embeddable":true,"href":"https:\/\/carimeg.net\/en\/wp-json\/wp\/v2\/comments?post=1400"}],"version-history":[{"count":28,"href":"https:\/\/carimeg.net\/en\/wp-json\/wp\/v2\/pages\/1400\/revisions"}],"predecessor-version":[{"id":1565,"href":"https:\/\/carimeg.net\/en\/wp-json\/wp\/v2\/pages\/1400\/revisions\/1565"}],"wp:attachment":[{"href":"https:\/\/carimeg.net\/en\/wp-json\/wp\/v2\/media?parent=1400"}],"curies":[{"name":"wp","href":"https:\/\/api.w.org\/{rel}","templated":true}]}}